{"id":938,"date":"2024-05-05T15:39:58","date_gmt":"2024-05-05T13:39:58","guid":{"rendered":"https:\/\/www.ecosolutions-france.fr\/?page_id=938"},"modified":"2024-05-05T15:43:41","modified_gmt":"2024-05-05T13:43:41","slug":"politique-relative-aux-cookies-de-ecosolution-france-fr","status":"publish","type":"page","link":"https:\/\/www.ecosolutions-france.fr\/index.php\/politique-relative-aux-cookies-de-ecosolution-france-fr\/","title":{"rendered":"Politique relative aux cookies de ecosolution-france.fr"},"content":{"rendered":"<style>.elementor-938 .elementor-element.elementor-element-ddc7d9c{--display:flex;--flex-direction:column;--container-widget-width:100%;--container-widget-height:initial;--container-widget-flex-grow:0;--container-widget-align-self:initial;--flex-wrap-mobile:wrap;--overlay-opacity:0.63;}.elementor-938 .elementor-element.elementor-element-ddc7d9c:not(.elementor-motion-effects-element-type-background), .elementor-938 .elementor-element.elementor-element-ddc7d9c > .elementor-motion-effects-container > .elementor-motion-effects-layer{background-image:url(\"https:\/\/www.ecosolutions-france.fr\/wp-content\/uploads\/2024\/05\/solar-panels-on-house-2023-11-27-05-12-18-utc-scaled.jpg\");background-position:0px -303px;background-repeat:no-repeat;background-size:cover;}.elementor-938 .elementor-element.elementor-element-ddc7d9c::before, .elementor-938 .elementor-element.elementor-element-ddc7d9c > .elementor-background-video-container::before, .elementor-938 .elementor-element.elementor-element-ddc7d9c > .e-con-inner > .elementor-background-video-container::before, .elementor-938 .elementor-element.elementor-element-ddc7d9c > .elementor-background-slideshow::before, .elementor-938 .elementor-element.elementor-element-ddc7d9c > .e-con-inner > .elementor-background-slideshow::before, .elementor-938 .elementor-element.elementor-element-ddc7d9c > .elementor-motion-effects-container > .elementor-motion-effects-layer::before{--background-overlay:'';background-color:#FFFFFF;}.elementor-938 .elementor-element.elementor-element-ddc7d9c > .elementor-shape-bottom svg, .elementor-938 .elementor-element.elementor-element-ddc7d9c > .e-con-inner > .elementor-shape-bottom svg{width:calc(100% + 1.3px);height:38px;}.elementor-938 .elementor-element.elementor-element-b8319fe{--spacer-size:84px;}.elementor-938 .elementor-element.elementor-element-70f5742{--spacer-size:146px;}.elementor-938 .elementor-element.elementor-element-4e0c6cf{--display:flex;}.elementor-938 .elementor-element.elementor-element-9f62478{--spacer-size:50px;}.elementor-widget-heading .elementor-heading-title{font-family:var( --e-global-typography-primary-font-family ), Sans-serif;font-weight:var( --e-global-typography-primary-font-weight );color:var( --e-global-color-primary );}.elementor-938 .elementor-element.elementor-element-bd23dc0{text-align:center;}.elementor-938 .elementor-element.elementor-element-bd23dc0 .elementor-heading-title{font-family:\"Roboto\", Sans-serif;font-weight:600;color:#4E924C;}.elementor-938 .elementor-element.elementor-element-5dbd3cd{--display:flex;}.elementor-938 .elementor-element.elementor-element-8611f08{--spacer-size:50px;}.elementor-widget-text-editor{font-family:var( --e-global-typography-text-font-family ), Sans-serif;font-weight:var( --e-global-typography-text-font-weight );color:var( --e-global-color-text );}.elementor-widget-text-editor.elementor-drop-cap-view-stacked .elementor-drop-cap{background-color:var( --e-global-color-primary );}.elementor-widget-text-editor.elementor-drop-cap-view-framed .elementor-drop-cap, .elementor-widget-text-editor.elementor-drop-cap-view-default .elementor-drop-cap{color:var( --e-global-color-primary );border-color:var( --e-global-color-primary );}@media(max-width:1024px){.elementor-938 .elementor-element.elementor-element-ddc7d9c:not(.elementor-motion-effects-element-type-background), .elementor-938 .elementor-element.elementor-element-ddc7d9c > .elementor-motion-effects-container > .elementor-motion-effects-layer{background-position:0px 0px;}}@media(max-width:767px){.elementor-938 .elementor-element.elementor-element-ddc7d9c:not(.elementor-motion-effects-element-type-background), .elementor-938 .elementor-element.elementor-element-ddc7d9c > .elementor-motion-effects-container > .elementor-motion-effects-layer{background-position:0px 0px;}.elementor-938 .elementor-element.elementor-element-70f5742{--spacer-size:59px;}.elementor-938 .elementor-element.elementor-element-bd23dc0 .elementor-heading-title{font-size:22px;}}<\/style>\t\t<div data-elementor-type=\"wp-page\" data-elementor-id=\"938\" class=\"elementor elementor-938\">\n\t\t\t\t<div class=\"elementor-element elementor-element-ddc7d9c e-flex e-con-boxed e-con e-parent\" data-id=\"ddc7d9c\" data-element_type=\"container\" data-e-type=\"container\" data-settings=\"{&quot;background_background&quot;:&quot;classic&quot;,&quot;shape_divider_bottom&quot;:&quot;waves&quot;,&quot;shape_divider_bottom_negative&quot;:&quot;yes&quot;}\">\n\t\t\t\t\t<div class=\"e-con-inner\">\n\t\t\t\t<div class=\"elementor-shape elementor-shape-bottom\" aria-hidden=\"true\" data-negative=\"true\">\n\t\t\t<svg xmlns=\"http:\/\/www.w3.org\/2000\/svg\" viewBox=\"0 0 1000 100\" preserveAspectRatio=\"none\">\n\t<path class=\"elementor-shape-fill\" d=\"M790.5,93.1c-59.3-5.3-116.8-18-192.6-50c-29.6-12.7-76.9-31-100.5-35.9c-23.6-4.9-52.6-7.8-75.5-5.3\n\tc-10.2,1.1-22.6,1.4-50.1,7.4c-27.2,6.3-58.2,16.6-79.4,24.7c-41.3,15.9-94.9,21.9-134,22.6C72,58.2,0,25.8,0,25.8V100h1000V65.3\n\tc0,0-51.5,19.4-106.2,25.7C839.5,97,814.1,95.2,790.5,93.1z\"\/>\n<\/svg>\t\t<\/div>\n\t\t\t\t<div class=\"elementor-element elementor-element-b8319fe elementor-widget elementor-widget-spacer\" data-id=\"b8319fe\" data-element_type=\"widget\" data-e-type=\"widget\" data-widget_type=\"spacer.default\">\n\t\t\t\t<div class=\"elementor-widget-container\">\n\t\t\t\t\t\t\t<div class=\"elementor-spacer\">\n\t\t\t<div class=\"elementor-spacer-inner\"><\/div>\n\t\t<\/div>\n\t\t\t\t\t\t<\/div>\n\t\t\t\t<\/div>\n\t\t\t\t<div class=\"elementor-element elementor-element-70f5742 elementor-widget elementor-widget-spacer\" data-id=\"70f5742\" data-element_type=\"widget\" data-e-type=\"widget\" data-widget_type=\"spacer.default\">\n\t\t\t\t<div class=\"elementor-widget-container\">\n\t\t\t\t\t\t\t<div class=\"elementor-spacer\">\n\t\t\t<div class=\"elementor-spacer-inner\"><\/div>\n\t\t<\/div>\n\t\t\t\t\t\t<\/div>\n\t\t\t\t<\/div>\n\t\t\t\t\t<\/div>\n\t\t\t\t<\/div>\n\t\t<div class=\"elementor-element elementor-element-4e0c6cf e-flex e-con-boxed e-con e-parent\" data-id=\"4e0c6cf\" data-element_type=\"container\" data-e-type=\"container\">\n\t\t\t\t\t<div class=\"e-con-inner\">\n\t\t\t\t<div class=\"elementor-element elementor-element-9f62478 elementor-widget elementor-widget-spacer\" data-id=\"9f62478\" data-element_type=\"widget\" data-e-type=\"widget\" data-widget_type=\"spacer.default\">\n\t\t\t\t<div class=\"elementor-widget-container\">\n\t\t\t\t\t\t\t<div class=\"elementor-spacer\">\n\t\t\t<div class=\"elementor-spacer-inner\"><\/div>\n\t\t<\/div>\n\t\t\t\t\t\t<\/div>\n\t\t\t\t<\/div>\n\t\t\t\t<div class=\"elementor-element elementor-element-bd23dc0 elementor-widget elementor-widget-heading\" data-id=\"bd23dc0\" data-element_type=\"widget\" data-e-type=\"widget\" data-widget_type=\"heading.default\">\n\t\t\t\t<div class=\"elementor-widget-container\">\n\t\t\t\t\t<h2 class=\"elementor-heading-title elementor-size-default\">Politique de cookies de ecosolution-france.fr<\/h2>\t\t\t\t<\/div>\n\t\t\t\t<\/div>\n\t\t\t\t\t<\/div>\n\t\t\t\t<\/div>\n\t\t<div class=\"elementor-element elementor-element-5dbd3cd e-flex e-con-boxed e-con e-parent\" data-id=\"5dbd3cd\" data-element_type=\"container\" data-e-type=\"container\">\n\t\t\t\t\t<div class=\"e-con-inner\">\n\t\t\t\t<div class=\"elementor-element elementor-element-8611f08 elementor-widget elementor-widget-spacer\" data-id=\"8611f08\" data-element_type=\"widget\" data-e-type=\"widget\" data-widget_type=\"spacer.default\">\n\t\t\t\t<div class=\"elementor-widget-container\">\n\t\t\t\t\t\t\t<div class=\"elementor-spacer\">\n\t\t\t<div class=\"elementor-spacer-inner\"><\/div>\n\t\t<\/div>\n\t\t\t\t\t\t<\/div>\n\t\t\t\t<\/div>\n\t\t\t\t<div class=\"elementor-element elementor-element-3a749b0 elementor-widget elementor-widget-text-editor\" data-id=\"3a749b0\" data-element_type=\"widget\" data-e-type=\"widget\" data-widget_type=\"text-editor.default\">\n\t\t\t\t<div class=\"elementor-widget-container\">\n\t\t\t\t\t\t\t\t\t<p>Le pr\u00e9sent document informe les Utilisateurs des technologies permettant \u00e0 cette Application d\u2019atteindre les finalit\u00e9s d\u00e9crites ci-dessous. Ces technologies permettent au Propri\u00e9taire d\u2019acc\u00e9der \u00e0 des informations et de les stocker (\u00e0 l\u2019aide d\u2019un Cookie, par exemple) ou d\u2019utiliser des ressources (en ex\u00e9cutant un script, par exemple) sur l\u2019appareil d\u2019un Utilisateur lorsque celui-ci interagit avec cette Application.<\/p><p>Par souci de simplification, toutes ces technologies sont d\u00e9finies comme \u00e9tant des \u00ab Traqueurs \u00bb dans le pr\u00e9sent document, \u00e0 moins qu\u2019il n\u2019existe une raison de les diff\u00e9rencier.<br \/>Par exemple, bien que les Cookies puissent \u00eatre utilis\u00e9s \u00e0 la fois sur les navigateurs Internet et mobiles, il serait inexact de parler de Cookies dans le contexte des applications mobiles car ce sont des traqueurs bas\u00e9s sur un navigateur. C\u2019est pourquoi, dans ce document, le terme Cookies n\u2019est utilis\u00e9 que lorsqu\u2019il est sp\u00e9cifiquement destin\u00e9 \u00e0 indiquer ce type sp\u00e9cifique de Traqueur.<\/p><p>Certaines des finalit\u00e9s pour lesquelles les Traqueurs sont utilis\u00e9s peuvent n\u00e9cessiter le consentement de l\u2019Utilisateur. Lorsque le consentement est donn\u00e9, il peut \u00eatre librement retir\u00e9 \u00e0 tout moment en suivant les instructions fournies dans le pr\u00e9sent document.<\/p><p>Cette Application utilise des Traqueurs g\u00e9r\u00e9s directement par le Propri\u00e9taire (les Traqueurs dits \u00ab de premi\u00e8re partie \u00bb) et les Traqueurs qui activent les services fournis par un tiers (les Traqueurs dits \u00ab tiers \u00bb). Sauf indication contraire dans le pr\u00e9sent document, les fournisseurs tiers peuvent acc\u00e9der aux Traqueurs g\u00e9r\u00e9s par eux-m\u00eames.<br \/>Les p\u00e9riodes de validit\u00e9 et d\u2019expiration des Cookies et d\u2019autres Traqueurs similaires peuvent varier en fonction de la dur\u00e9e de vie d\u00e9finie par le Propri\u00e9taire ou le fournisseur concern\u00e9. Certains expirent \u00e0 la fin de la session de navigation de l\u2019Utilisateur.<br \/>Outre ce qui est pr\u00e9cis\u00e9 dans les descriptions de chacune des cat\u00e9gories ci-dessous, les Utilisateurs peuvent trouver des informations plus pr\u00e9cises et actualis\u00e9es concernant la description sur la dur\u00e9e de vie ainsi que toute autre information utile \u2013 comme la pr\u00e9sence d\u2019autres Traqueurs \u2013 dans les politiques de confidentialit\u00e9 des fournisseurs tiers respectifs, mises en lien, ou en contactant le Propri\u00e9taire.<\/p><h3 class=\"iub-purpose-stack iub-purpose-stack-1\">Activit\u00e9s strictement n\u00e9cessaires au fonctionnement de cette Application et \u00e0 la fourniture du Service<\/h3><p>Cette Application utilise des Cookies dits \u00ab techniques \u00bb et d\u2019autres Traqueurs similaires pour mener des activit\u00e9s strictement n\u00e9cessaires au fonctionnement ou \u00e0 la fourniture du Service.<\/p><h4>Traqueurs de premi\u00e8re partie<\/h4><p>Dur\u00e9e de stockage : ind\u00e9finie<\/p><h3 class=\"iub-subheading iub-subheading-other-purposes\">Autres activit\u00e9s impliquant l\u2019utilisation de Traqueurs<\/h3><h4 class=\"iub-purpose-stack iub-purpose-stack-4\">Mesure<\/h4><p>Cette Application utilise des Traqueurs pour mesurer le trafic et analyser le comportement de l\u2019Utilisateur afin d\u2019am\u00e9liorer le Service.<\/p><h3 id=\"manage_cookies\" class=\"iub-subheading iub-subheading-manage-gdpr\">Comment g\u00e9rer les pr\u00e9f\u00e9rences et donner ou retirer son consentement<\/h3><p>Il existe diff\u00e9rentes fa\u00e7ons de g\u00e9rer les pr\u00e9f\u00e9rences relatives aux Traqueurs et de donner et de retirer son consentement, le cas \u00e9ch\u00e9ant:<\/p><p>Les Utilisateurs peuvent g\u00e9rer les pr\u00e9f\u00e9rences relatives aux Traqueurs directement dans les param\u00e8tres de leur propre appareil, par exemple en emp\u00eachant l\u2019utilisation ou le stockage des Traqueurs.<\/p><p>De plus, chaque fois que l\u2019utilisation de Traqueurs repose sur le consentement, les Utilisateurs peuvent donner ou retirer ce consentement en d\u00e9finissant leurs pr\u00e9f\u00e9rences dans la notification de cookie, ou en mettant \u00e0 jour ces pr\u00e9f\u00e9rences en cons\u00e9quence \u00e0 l\u2019aide du widget appropri\u00e9 de pr\u00e9f\u00e9rences relatives au consentement en mati\u00e8re de vie priv\u00e9e, le cas \u00e9ch\u00e9ant.<\/p><p>Il est \u00e9galement possible, par le biais des fonctionnalit\u00e9s correspondantes du navigateur ou de l\u2019appareil, de supprimer les Traqueurs pr\u00e9c\u00e9demment stock\u00e9s, y compris ceux utilis\u00e9s pour se souvenir des pr\u00e9f\u00e9rences initiales de l\u2019Utilisateur en mati\u00e8re de consentement.<\/p><p>Les autres Traqueurs dans la m\u00e9moire locale du navigateur peuvent \u00eatre effac\u00e9s en supprimant l\u2019historique de navigation.<\/p><p>S\u2019agissant des Traqueurs tiers, les Utilisateurs peuvent g\u00e9rer leurs pr\u00e9f\u00e9rences par le lien de retrait associ\u00e9 (le cas \u00e9ch\u00e9ant), \u00e0 l\u2019aide du moyen indiqu\u00e9 dans la politique de confidentialit\u00e9 de ce tiers ou en contactant celui-ci.<\/p><h4>Acc\u00e8s aux param\u00e8tres pour les Traqueurs<\/h4><p>Les Utilisateurs peuvent, par exemple, trouver des informations sur la fa\u00e7on de g\u00e9rer les Cookies dans les navigateurs les plus couramment utilis\u00e9s aux adresses suivantes :<\/p><ul><li><a href=\"https:\/\/support.google.com\/chrome\/answer\/95647?hl=fr&amp;p=cpn_cookies\" target=\"_blank\" rel=\"noopener nofollow\">Google Chrome<\/a><\/li><li><a href=\"https:\/\/support.mozilla.org\/fr\/kb\/activer-desactiver-cookies\" target=\"_blank\" rel=\"noopener nofollow\">Mozilla Firefox<\/a><\/li><li><a href=\"https:\/\/support.apple.com\/fr-fr\/guide\/safari\/manage-cookies-and-website-data-sfri11471\/\" target=\"_blank\" rel=\"noopener nofollow\">Apple Safari<\/a><\/li><li><a href=\"http:\/\/windows.microsoft.com\/fr-fr\/windows-vista\/block-or-allow-cookies\" target=\"_blank\" rel=\"noopener nofollow\">Microsoft Internet Explorer<\/a><\/li><li><a href=\"https:\/\/support.microsoft.com\/fr-fr\/help\/4027947\" target=\"_blank\" rel=\"noopener nofollow\">Microsoft Edge<\/a><\/li><li><a href=\"https:\/\/support.brave.com\/hc\/articles\/360022806212-How-do-I-use-Shields-while-browsing\" target=\"_blank\" rel=\"noopener nofollow\">Brave<\/a><\/li><li><a href=\"https:\/\/help.opera.com\/latest\/web-preferences\/#cookies\" target=\"_blank\" rel=\"noopener nofollow\">Opera<\/a><\/li><\/ul><p>Les Utilisateurs peuvent \u00e9galement g\u00e9rer certaines cat\u00e9gories de Traqueurs utilis\u00e9s sur les applications mobiles en d\u00e9sactivant les param\u00e8tres appropri\u00e9s de l\u2019appareil, tels que les param\u00e8tres publicitaires de l\u2019appareil pour les appareils mobiles ou les param\u00e8tres de suivi en g\u00e9n\u00e9ral (les Utilisateurs peuvent ouvrir les param\u00e8tres de l\u2019appareil et rechercher le param\u00e8tre appropri\u00e9).<\/p><h4>Cons\u00e9quences du refus de l&rsquo;utilisation des Traqueurs<\/h4><p>L&rsquo;Utilisateur est libre de d\u00e9cider d&rsquo;autoriser ou non l&rsquo;utilisation de Traqueurs. Toutefois, il convient de noter que les Traqueurs permettent \u00e0 cette Application de fournir aux Utilisateurs une meilleure exp\u00e9rience et des fonctionnalit\u00e9s avanc\u00e9es (conform\u00e9ment aux finalit\u00e9s d\u00e9crites dans le pr\u00e9sent document). Par cons\u00e9quent, si l\u2019Utilisateur d\u00e9cide de bloquer l&rsquo;utilisation des Traqueurs, il est possible que le Propri\u00e9taire ne soit pas en mesure de fournir les fonctionnalit\u00e9s connexes.<\/p><h3 id=\"owner_of_the_data\" class=\"iub-subheading iub-subheading-owner-and-data-controller\">Propri\u00e9taire et Responsable du traitement<\/h3><p>SASU L.C.G LUISSA CONSULTING GROUP RCS LYON 977 768 431<br \/>3 avenue d&rsquo;Orcha Vaulx-en-Velin 69120<\/p><p><strong>Courriel de contact du Propri\u00e9taire :<\/strong>\u00a0contact@ecosolutionfrance.fr<\/p><p>\u00c9tant donn\u00e9 que l\u2019utilisation des Traqueurs par cette Application ne peut \u00eatre enti\u00e8rement contr\u00f4l\u00e9e par le Propri\u00e9taire, toute r\u00e9f\u00e9rence sp\u00e9cifique aux Traqueurs tiers n\u2019a qu\u2019une valeur indicative. Afin d\u2019obtenir des informations compl\u00e8tes, les Utilisateurs sont invit\u00e9s \u00e0 consulter les politiques de confidentialit\u00e9 des services tiers indiqu\u00e9s dans le pr\u00e9sent document.<\/p><p>Compte tenu de la complexit\u00e9 objective des technologies de suivi, les Utilisateurs sont invit\u00e9s \u00e0 contacter le Propri\u00e9taire s\u2019ils souhaitent recevoir de plus amples informations sur l\u2019utilisation de ces technologies par cette Application.<\/p>\t\t\t\t\t\t\t\t<\/div>\n\t\t\t\t<\/div>\n\t\t\t\t\t<\/div>\n\t\t\t\t<\/div>\n\t\t\t\t<\/div>\n\t\t","protected":false},"excerpt":{"rendered":"<p>Politique de cookies de ecosolution-france.fr Le pr\u00e9sent document informe les Utilisateurs des technologies permettant \u00e0 cette Application d\u2019atteindre les finalit\u00e9s [&hellip;]<\/p>\n","protected":false},"author":1,"featured_media":0,"parent":0,"menu_order":0,"comment_status":"closed","ping_status":"closed","template":"","meta":{"site-sidebar-layout":"no-sidebar","site-content-layout":"","ast-site-content-layout":"full-width-container","site-content-style":"default","site-sidebar-style":"default","ast-global-header-display":"","ast-banner-title-visibility":"","ast-main-header-display":"","ast-hfb-above-header-display":"","ast-hfb-below-header-display":"","ast-hfb-mobile-header-display":"","site-post-title":"disabled","ast-breadcrumbs-content":"","ast-featured-img":"disabled","footer-sml-layout":"","theme-transparent-header-meta":"","adv-header-id-meta":"","stick-header-meta":"","header-above-stick-meta":"","header-main-stick-meta":"","header-below-stick-meta":"","astra-migrate-meta-layouts":"default","ast-page-background-enabled":"default","ast-page-background-meta":{"desktop":{"background-color":"var(--ast-global-color-4)","background-image":"","background-repeat":"repeat","background-position":"center center","background-size":"auto","background-attachment":"scroll","background-type":"","background-media":"","overlay-type":"","overlay-color":"","overlay-gradient":""},"tablet":{"background-color":"","background-image":"","background-repeat":"repeat","background-position":"center center","background-size":"auto","background-attachment":"scroll","background-type":"","background-media":"","overlay-type":"","overlay-color":"","overlay-gradient":""},"mobile":{"background-color":"","background-image":"","background-repeat":"repeat","background-position":"center center","background-size":"auto","background-attachment":"scroll","background-type":"","background-media":"","overlay-type":"","overlay-color":"","overlay-gradient":""}},"ast-content-background-meta":{"desktop":{"background-color":"var(--ast-global-color-5)","background-image":"","background-repeat":"repeat","background-position":"center center","background-size":"auto","background-attachment":"scroll","background-type":"","background-media":"","overlay-type":"","overlay-color":"","overlay-gradient":""},"tablet":{"background-color":"var(--ast-global-color-5)","background-image":"","background-repeat":"repeat","background-position":"center center","background-size":"auto","background-attachment":"scroll","background-type":"","background-media":"","overlay-type":"","overlay-color":"","overlay-gradient":""},"mobile":{"background-color":"var(--ast-global-color-5)","background-image":"","background-repeat":"repeat","background-position":"center center","background-size":"auto","background-attachment":"scroll","background-type":"","background-media":"","overlay-type":"","overlay-color":"","overlay-gradient":""}},"footnotes":""},"class_list":["post-938","page","type-page","status-publish","hentry"],"_links":{"self":[{"href":"https:\/\/www.ecosolutions-france.fr\/index.php\/wp-json\/wp\/v2\/pages\/938","targetHints":{"allow":["GET"]}}],"collection":[{"href":"https:\/\/www.ecosolutions-france.fr\/index.php\/wp-json\/wp\/v2\/pages"}],"about":[{"href":"https:\/\/www.ecosolutions-france.fr\/index.php\/wp-json\/wp\/v2\/types\/page"}],"author":[{"embeddable":true,"href":"https:\/\/www.ecosolutions-france.fr\/index.php\/wp-json\/wp\/v2\/users\/1"}],"replies":[{"embeddable":true,"href":"https:\/\/www.ecosolutions-france.fr\/index.php\/wp-json\/wp\/v2\/comments?post=938"}],"version-history":[{"count":10,"href":"https:\/\/www.ecosolutions-france.fr\/index.php\/wp-json\/wp\/v2\/pages\/938\/revisions"}],"predecessor-version":[{"id":948,"href":"https:\/\/www.ecosolutions-france.fr\/index.php\/wp-json\/wp\/v2\/pages\/938\/revisions\/948"}],"wp:attachment":[{"href":"https:\/\/www.ecosolutions-france.fr\/index.php\/wp-json\/wp\/v2\/media?parent=938"}],"curies":[{"name":"wp","href":"https:\/\/api.w.org\/{rel}","templated":true}]}}